{"id":3663,"date":"2022-02-02T16:07:48","date_gmt":"2022-02-02T16:07:48","guid":{"rendered":"http:\/\/francescacoppola.it\/contatti\/"},"modified":"2023-01-27T15:54:46","modified_gmt":"2023-01-27T15:54:46","slug":"contacts","status":"publish","type":"page","link":"https:\/\/francescacoppola.it\/fr\/contacts\/","title":{"rendered":"Contacts"},"content":{"rendered":"<p>[et_pb_section fb_built=\u00a0\u00bb1&Prime; custom_padding_last_edited=\u00a0\u00bbon|tablet\u00a0\u00bb admin_label=\u00a0\u00bbHero section\u00a0\u00bb _builder_version=\u00a0\u00bb4.14.7&Prime; _module_preset=\u00a0\u00bbdefault\u00a0\u00bb background_color=\u00a0\u00bbrgba(107,48,0,0.31)\u00a0\u00bb background_image=\u00a0\u00bbhttp:\/\/francescacoppola.it\/wp-content\/uploads\/2023\/01\/FrancescaCoppola_hero-image-contatti-2.jpg\u00a0\u00bb background_blend=\u00a0\u00bbmultiply\u00a0\u00bb min_height=\u00a0\u00bb300px\u00a0\u00bb min_height_tablet=\u00a0\u00bb300px\u00a0\u00bb min_height_phone=\u00a0\u00bb200px\u00a0\u00bb min_height_last_edited=\u00a0\u00bbon|phone\u00a0\u00bb max_height=\u00a0\u00bb200px\u00a0\u00bb custom_padding=\u00a0\u00bb||80px||false|false\u00a0\u00bb custom_padding_tablet=\u00a0\u00bb0px||0px||false|false\u00a0\u00bb custom_padding_phone=\u00a0\u00bb0px||0px||false|false\u00a0\u00bb global_colors_info=\u00a0\u00bb{}\u00a0\u00bb][\/et_pb_section][et_pb_section fb_built=\u00a0\u00bb1&Prime; custom_padding_last_edited=\u00a0\u00bbon|tablet\u00a0\u00bb disabled_on=\u00a0\u00bboff|off|off\u00a0\u00bb admin_label=\u00a0\u00bbBiografia\u00a0\u00bb _builder_version=\u00a0\u00bb4.14.7&Prime; _module_preset=\u00a0\u00bbdefault\u00a0\u00bb custom_padding=\u00a0\u00bb120px||||false|false\u00a0\u00bb custom_padding_tablet=\u00a0\u00bb80px||60px||false|false\u00a0\u00bb custom_padding_phone=\u00a0\u00bb30px||30px||false|false\u00a0\u00bb global_colors_info=\u00a0\u00bb{}\u00a0\u00bb][et_pb_row column_structure=\u00a0\u00bb1_2,1_2&Prime; make_equal=\u00a0\u00bbon\u00a0\u00bb _builder_version=\u00a0\u00bb4.14.7&Prime; _module_preset=\u00a0\u00bbdefault\u00a0\u00bb custom_padding=\u00a0\u00bb|0px||||\u00a0\u00bb global_colors_info=\u00a0\u00bb{}\u00a0\u00bb][et_pb_column type=\u00a0\u00bb1_2&Prime; _builder_version=\u00a0\u00bb4.14.7&Prime; _module_preset=\u00a0\u00bbdefault\u00a0\u00bb background_color=\u00a0\u00bb#FFFFFF\u00a0\u00bb transform_translate=\u00a0\u00bb0%|0px\u00a0\u00bb transform_translate_linked=\u00a0\u00bboff\u00a0\u00bb z_index=\u00a0\u00bb5&Prime; custom_padding=\u00a0\u00bb0px|0px|0px|0px|false|false\u00a0\u00bb global_colors_info=\u00a0\u00bb{}\u00a0\u00bb][et_pb_text _builder_version=\u00a0\u00bb4.14.7&Prime; _module_preset=\u00a0\u00bbdefault\u00a0\u00bb transform_translate=\u00a0\u00bb-20px|0px\u00a0\u00bb transform_translate_linked=\u00a0\u00bboff\u00a0\u00bb custom_margin=\u00a0\u00bb||10px||false|false\u00a0\u00bb custom_padding=\u00a0\u00bb0px||0px|20px|false|false\u00a0\u00bb border_color_all=\u00a0\u00bb#deb48c\u00a0\u00bb border_width_left=\u00a0\u00bb2px\u00a0\u00bb global_colors_info=\u00a0\u00bb{}\u00a0\u00bb]<\/p>\n<h1>CONTACTEZ-MOI<\/h1>\n<p>[\/et_pb_text][et_pb_text _builder_version=\u00a0\u00bb4.14.7&Prime; _module_preset=\u00a0\u00bbdefault\u00a0\u00bb custom_margin=\u00a0\u00bb||||false|false\u00a0\u00bb custom_margin_tablet=\u00a0\u00bb||||false|false\u00a0\u00bb custom_margin_phone=\u00a0\u00bb||20px||false|false\u00a0\u00bb custom_margin_last_edited=\u00a0\u00bbon|phone\u00a0\u00bb global_colors_info=\u00a0\u00bb{}\u00a0\u00bb]<\/p>\n<p>Si vous avez des questions, \u00e9crivez-moi. Si je ne r\u00e9ponds pas imm\u00e9diatement, je suis peut-\u00eatre en plein milieu d&rsquo;un mariage ou d&rsquo;un \u00e9v\u00e9nement important.<br \/>Mais je r\u00e9pondrai d\u00e8s que possible, je vous le promets\u00a0!<\/p>\n<p>[\/et_pb_text][et_pb_text _builder_version=\u00a0\u00bb4.14.7&Prime; _module_preset=\u00a0\u00bbdefault\u00a0\u00bb header_3_font=\u00a0\u00bb|600|||||||\u00a0\u00bb header_3_text_color=\u00a0\u00bb#deb48c\u00a0\u00bb custom_margin_tablet=\u00a0\u00bb\u00a0\u00bb custom_margin_phone=\u00a0\u00bb||10px||false|false\u00a0\u00bb custom_margin_last_edited=\u00a0\u00bbon|phone\u00a0\u00bb global_colors_info=\u00a0\u00bb{}\u00a0\u00bb]<\/p>\n<h3><a href=\"tel:3803743727\">+39 380 374 3727<\/a><\/h3>\n<h3><a href=\"mailto:info@francescacoppola.it\">info@francescacoppola.it<\/a><\/h3>\n<p>[\/et_pb_text][et_pb_social_media_follow use_icon_font_size=\u00a0\u00bbon\u00a0\u00bb icon_font_size=\u00a0\u00bb20px\u00a0\u00bb icon_font_size_tablet=\u00a0\u00bb20px\u00a0\u00bb icon_font_size_phone=\u00a0\u00bb16px\u00a0\u00bb icon_font_size_last_edited=\u00a0\u00bbon|phone\u00a0\u00bb _builder_version=\u00a0\u00bb4.14.7&Prime; _module_preset=\u00a0\u00bbdefault\u00a0\u00bb custom_margin=\u00a0\u00bb||||false|false\u00a0\u00bb border_radii=\u00a0\u00bbon|50px|50px|50px|50px\u00a0\u00bb global_colors_info=\u00a0\u00bb{}\u00a0\u00bb][et_pb_social_media_follow_network social_network=\u00a0\u00bbfacebook\u00a0\u00bb url=\u00a0\u00bbhttps:\/\/www.facebook.com\/fc.weddingplanner\u00a0\u00bb _builder_version=\u00a0\u00bb4.14.7&Prime; _module_preset=\u00a0\u00bbdefault\u00a0\u00bb background_color=\u00a0\u00bb#333333&Prime; background_enable_color=\u00a0\u00bbon\u00a0\u00bb custom_margin=\u00a0\u00bb|10px|||false|false\u00a0\u00bb global_colors_info=\u00a0\u00bb{}\u00a0\u00bb follow_button=\u00a0\u00bboff\u00a0\u00bb url_new_window=\u00a0\u00bbon\u00a0\u00bb]facebook[\/et_pb_social_media_follow_network][et_pb_social_media_follow_network social_network=\u00a0\u00bbinstagram\u00a0\u00bb url=\u00a0\u00bbhttps:\/\/www.instagram.com\/fcweddingplanner\/\u00a0\u00bb _builder_version=\u00a0\u00bb4.14.7&Prime; _module_preset=\u00a0\u00bbdefault\u00a0\u00bb background_color=\u00a0\u00bb#333333&Prime; background_enable_color=\u00a0\u00bbon\u00a0\u00bb global_colors_info=\u00a0\u00bb{}\u00a0\u00bb follow_button=\u00a0\u00bboff\u00a0\u00bb url_new_window=\u00a0\u00bbon\u00a0\u00bb]instagram[\/et_pb_social_media_follow_network][\/et_pb_social_media_follow][\/et_pb_column][et_pb_column type=\u00a0\u00bb1_2&Prime; _builder_version=\u00a0\u00bb4.14.7&Prime; _module_preset=\u00a0\u00bbdefault\u00a0\u00bb background_enable_image=\u00a0\u00bboff\u00a0\u00bb custom_padding=\u00a0\u00bb||||false|false\u00a0\u00bb global_colors_info=\u00a0\u00bb{}\u00a0\u00bb][et_pb_code _builder_version=\u00a0\u00bb4.14.7&Prime; _module_preset=\u00a0\u00bbdefault\u00a0\u00bb hover_enabled=\u00a0\u00bb0&Prime; global_colors_info=\u00a0\u00bb{}\u00a0\u00bb sticky_enabled=\u00a0\u00bb0&Prime;]\n<div class=\"wpcf7 no-js\" id=\"wpcf7-f3667-o1\" lang=\"it-IT\" dir=\"ltr\" data-wpcf7-id=\"3667\">\n<div class=\"screen-reader-response\"><p role=\"status\" aria-live=\"polite\" aria-atomic=\"true\"><\/p> <ul><\/ul><\/div>\n<form action=\"\/fr\/wp-json\/wp\/v2\/pages\/3663#wpcf7-f3667-o1\" method=\"post\" class=\"wpcf7-form init\" aria-label=\"Modulo di contatto\" novalidate=\"novalidate\" data-status=\"init\">\n<div style=\"display: none;\">\n<input type=\"hidden\" name=\"_wpcf7\" value=\"3667\" \/>\n<input type=\"hidden\" name=\"_wpcf7_version\" value=\"6.0.3\" \/>\n<input type=\"hidden\" name=\"_wpcf7_locale\" value=\"it_IT\" \/>\n<input type=\"hidden\" name=\"_wpcf7_unit_tag\" value=\"wpcf7-f3667-o1\" \/>\n<input type=\"hidden\" name=\"_wpcf7_container_post\" value=\"0\" \/>\n<input type=\"hidden\" name=\"_wpcf7_posted_data_hash\" value=\"\" \/>\n<input type=\"hidden\" name=\"_wpcf7_recaptcha_response\" value=\"\" \/>\n<\/div>\n<div class=\"dfs-row\">\n\n<div class=\"dfs-col dfs-col-12 dfs-col-md-6 dfs-col-lg-6\">\n<label> <span class=\"wpcf7-form-control-wrap\" data-name=\"your-name\"><input size=\"40\" maxlength=\"400\" class=\"wpcf7-form-control wpcf7-text wpcf7-validates-as-required\" aria-required=\"true\" aria-invalid=\"false\" placeholder=\"Pr\u00e9nom*\" value=\"\" type=\"text\" name=\"your-name\" \/><\/span> <\/label><\/div>\n\n<div class=\"dfs-col dfs-col-12 dfs-col-md-6 dfs-col-lg-6\">\n<label> <span class=\"wpcf7-form-control-wrap\" data-name=\"your-surname\"><input size=\"40\" maxlength=\"400\" class=\"wpcf7-form-control wpcf7-text wpcf7-validates-as-required\" aria-required=\"true\" aria-invalid=\"false\" placeholder=\"Nom de famille*\" value=\"\" type=\"text\" name=\"your-surname\" \/><\/span> <\/label>\n<\/div>\n<\/div>\n\n<div class=\"dfs-row\">\n\n<div class=\"dfs-col dfs-col-12 dfs-col-md-6 dfs-col-lg-6\">\n<label> <span class=\"wpcf7-form-control-wrap\" data-name=\"your-email\"><input size=\"40\" maxlength=\"400\" class=\"wpcf7-form-control wpcf7-email wpcf7-validates-as-required wpcf7-text wpcf7-validates-as-email\" aria-required=\"true\" aria-invalid=\"false\" placeholder=\"E-mail*\" value=\"\" type=\"email\" name=\"your-email\" \/><\/span> <\/label><\/div>\n\n<div class=\"dfs-col dfs-col-12 dfs-col-md-6 dfs-col-lg-6\">\n<label> <span class=\"wpcf7-form-control-wrap\" data-name=\"tel-353\"><input size=\"40\" maxlength=\"400\" class=\"wpcf7-form-control wpcf7-tel wpcf7-validates-as-required wpcf7-text wpcf7-validates-as-tel\" aria-required=\"true\" aria-invalid=\"false\" placeholder=\"T\u00e9l\u00e9phone*\" value=\"\" type=\"tel\" name=\"tel-353\" \/><\/span> <\/label>\n<\/div>\n<\/div>\n\n<div class=\"dfs-row\">\n<div class=\"dfs-col dfs-col-12\"><label> \n    <span class=\"wpcf7-form-control-wrap\" data-name=\"your-message\"><textarea cols=\"40\" rows=\"10\" maxlength=\"2000\" class=\"wpcf7-form-control wpcf7-textarea\" aria-invalid=\"false\" placeholder=\"Message\" name=\"your-message\"><\/textarea><\/span> <\/label><\/div>\n<\/div>\n\n<div class=\"dfs-col dfs-col-12\">\n<span class=\"wpcf7-form-control-wrap\" data-name=\"accettazione\"><span class=\"wpcf7-form-control wpcf7-acceptance\"><span class=\"wpcf7-list-item\"><input type=\"checkbox\" name=\"accettazione\" value=\"1\" aria-invalid=\"false\" \/><\/span><\/span><\/span> J'autorise le traitement de mes donn\u00e9es personnelles conform\u00e9ment \u00e0 la <a href=\u201chttp:\/\/francescacoppola.it\/fr\/privacy-policy\/\u201d target=\"_blank\">Politique de confidentialit\u00e9<\/a>\n<\/div>\n\n<input class=\"wpcf7-form-control wpcf7-submit has-spinner\" type=\"submit\" value=\"Envoyer\" \/><div class=\"wpcf7-response-output\" aria-hidden=\"true\"><\/div>\n<\/form>\n<\/div>\n[\/et_pb_code][\/et_pb_column][\/et_pb_row][\/et_pb_section]<\/p>\n","protected":false},"excerpt":{"rendered":"<p>CONTACTEZ-MOISi vous avez des questions, \u00e9crivez-moi. Si je ne r\u00e9ponds pas imm\u00e9diatement, je suis peut-\u00eatre en plein milieu d&rsquo;un mariage ou d&rsquo;un \u00e9v\u00e9nement important.Mais je r\u00e9pondrai d\u00e8s que possible, je vous le promets\u00a0!+39 380 374 3727 info@francescacoppola.it\n<div class=\"wpcf7 no-js\" id=\"wpcf7-f3667-o2\" lang=\"it-IT\" dir=\"ltr\" data-wpcf7-id=\"3667\">\n<div class=\"screen-reader-response\"><p role=\"status\" aria-live=\"polite\" aria-atomic=\"true\"><\/p> <ul><\/ul><\/div>\n<form action=\"\/fr\/wp-json\/wp\/v2\/pages\/3663#wpcf7-f3667-o2\" method=\"post\" class=\"wpcf7-form init\" aria-label=\"Modulo di contatto\" novalidate=\"novalidate\" data-status=\"init\">\n<div style=\"display: none;\">\n<input type=\"hidden\" name=\"_wpcf7\" value=\"3667\" \/>\n<input type=\"hidden\" name=\"_wpcf7_version\" value=\"6.0.3\" \/>\n<input type=\"hidden\" name=\"_wpcf7_locale\" value=\"it_IT\" \/>\n<input type=\"hidden\" name=\"_wpcf7_unit_tag\" value=\"wpcf7-f3667-o2\" \/>\n<input type=\"hidden\" name=\"_wpcf7_container_post\" value=\"0\" \/>\n<input type=\"hidden\" name=\"_wpcf7_posted_data_hash\" value=\"\" \/>\n<input type=\"hidden\" name=\"_wpcf7_recaptcha_response\" value=\"\" \/>\n<\/div>\n<div class=\"dfs-row\">\n\n<div class=\"dfs-col dfs-col-12 dfs-col-md-6 dfs-col-lg-6\">\n<label> <span class=\"wpcf7-form-control-wrap\" data-name=\"your-name\"><input size=\"40\" maxlength=\"400\" class=\"wpcf7-form-control wpcf7-text wpcf7-validates-as-required\" aria-required=\"true\" aria-invalid=\"false\" placeholder=\"Pr\u00e9nom*\" value=\"\" type=\"text\" name=\"your-name\" \/><\/span> <\/label><\/div>\n\n<div class=\"dfs-col dfs-col-12 dfs-col-md-6 dfs-col-lg-6\">\n<label> <span class=\"wpcf7-form-control-wrap\" data-name=\"your-surname\"><input size=\"40\" maxlength=\"400\" class=\"wpcf7-form-control wpcf7-text wpcf7-validates-as-required\" aria-required=\"true\" aria-invalid=\"false\" placeholder=\"Nom de famille*\" value=\"\" type=\"text\" name=\"your-surname\" \/><\/span> <\/label>\n<\/div>\n<\/div>\n\n<div class=\"dfs-row\">\n\n<div class=\"dfs-col dfs-col-12 dfs-col-md-6 dfs-col-lg-6\">\n<label> <span class=\"wpcf7-form-control-wrap\" data-name=\"your-email\"><input size=\"40\" maxlength=\"400\" class=\"wpcf7-form-control wpcf7-email wpcf7-validates-as-required wpcf7-text wpcf7-validates-as-email\" aria-required=\"true\" aria-invalid=\"false\" placeholder=\"E-mail*\" value=\"\" type=\"email\" name=\"your-email\" \/><\/span> <\/label><\/div>\n\n<div class=\"dfs-col dfs-col-12 dfs-col-md-6 dfs-col-lg-6\">\n<label> <span class=\"wpcf7-form-control-wrap\" data-name=\"tel-353\"><input size=\"40\" maxlength=\"400\" class=\"wpcf7-form-control wpcf7-tel wpcf7-validates-as-required wpcf7-text wpcf7-validates-as-tel\" aria-required=\"true\" aria-invalid=\"false\" placeholder=\"T\u00e9l\u00e9phone*\" value=\"\" type=\"tel\" name=\"tel-353\" \/><\/span> <\/label>\n<\/div>\n<\/div>\n\n<div class=\"dfs-row\">\n<div class=\"dfs-col dfs-col-12\"><label> \n    <span class=\"wpcf7-form-control-wrap\" data-name=\"your-message\"><textarea cols=\"40\" rows=\"10\" maxlength=\"2000\" class=\"wpcf7-form-control wpcf7-textarea\" aria-invalid=\"false\" placeholder=\"Message\" name=\"your-message\"><\/textarea><\/span> <\/label><\/div>\n<\/div>\n\n<div class=\"dfs-col dfs-col-12\">\n<span class=\"wpcf7-form-control-wrap\" data-name=\"accettazione\"><span class=\"wpcf7-form-control wpcf7-acceptance\"><span class=\"wpcf7-list-item\"><input type=\"checkbox\" name=\"accettazione\" value=\"1\" aria-invalid=\"false\" \/><\/span><\/span><\/span> J'autorise le traitement de mes donn\u00e9es personnelles conform\u00e9ment \u00e0 la <a href=\u201chttp:\/\/francescacoppola.it\/fr\/privacy-policy\/\u201d target=\"_blank\">Politique de confidentialit\u00e9<\/a>\n<\/div>\n\n<input class=\"wpcf7-form-control wpcf7-submit has-spinner\" type=\"submit\" value=\"Envoyer\" \/><div class=\"wpcf7-response-output\" aria-hidden=\"true\"><\/div>\n<\/form>\n<\/div>\n<\/p>\n","protected":false},"author":1,"featured_media":0,"parent":0,"menu_order":0,"comment_status":"closed","ping_status":"closed","template":"","meta":{"_et_pb_use_builder":"on","_et_pb_old_content":"","_et_gb_content_width":"","_vp_format_video_url":"","_vp_image_focal_point":[],"footnotes":""},"class_list":["post-3663","page","type-page","status-publish","hentry"],"yoast_head":"<!-- This site is optimized with the Yoast SEO plugin v24.3 - https:\/\/yoast.com\/wordpress\/plugins\/seo\/ -->\n<title>Contacts - Francesca Coppola<\/title>\n<meta name=\"robots\" content=\"index, follow, max-snippet:-1, max-image-preview:large, max-video-preview:-1\" \/>\n<link rel=\"canonical\" href=\"https:\/\/francescacoppola.it\/fr\/contacts\/\" \/>\n<meta property=\"og:locale\" content=\"fr_FR\" \/>\n<meta property=\"og:type\" content=\"article\" \/>\n<meta property=\"og:title\" content=\"Contacts - Francesca Coppola\" \/>\n<meta property=\"og:description\" content=\"CONTACTEZ-MOISi vous avez des questions, \u00e9crivez-moi. Si je ne r\u00e9ponds pas imm\u00e9diatement, je suis peut-\u00eatre en plein milieu d&#039;un mariage ou d&#039;un \u00e9v\u00e9nement important.Mais je r\u00e9pondrai d\u00e8s que possible, je vous le promets\u00a0!+39 380 374 3727 info@francescacoppola.it\" \/>\n<meta property=\"og:url\" content=\"https:\/\/francescacoppola.it\/fr\/contacts\/\" \/>\n<meta property=\"og:site_name\" content=\"Francesca Coppola\" \/>\n<meta property=\"article:publisher\" content=\"https:\/\/www.facebook.com\/fc.weddingplanner\" \/>\n<meta property=\"article:modified_time\" content=\"2023-01-27T15:54:46+00:00\" \/>\n<meta name=\"twitter:card\" content=\"summary_large_image\" \/>\n<meta name=\"twitter:label1\" content=\"Dur\u00e9e de lecture estim\u00e9e\" \/>\n\t<meta name=\"twitter:data1\" content=\"1 minute\" \/>\n<script type=\"application\/ld+json\" class=\"yoast-schema-graph\">{\"@context\":\"https:\/\/schema.org\",\"@graph\":[{\"@type\":\"WebPage\",\"@id\":\"https:\/\/francescacoppola.it\/fr\/contacts\/\",\"url\":\"https:\/\/francescacoppola.it\/fr\/contacts\/\",\"name\":\"Contacts - Francesca Coppola\",\"isPartOf\":{\"@id\":\"https:\/\/francescacoppola.it\/#website\"},\"datePublished\":\"2022-02-02T16:07:48+00:00\",\"dateModified\":\"2023-01-27T15:54:46+00:00\",\"breadcrumb\":{\"@id\":\"https:\/\/francescacoppola.it\/fr\/contacts\/#breadcrumb\"},\"inLanguage\":\"fr-FR\",\"potentialAction\":[{\"@type\":\"ReadAction\",\"target\":[\"https:\/\/francescacoppola.it\/fr\/contacts\/\"]}]},{\"@type\":\"BreadcrumbList\",\"@id\":\"https:\/\/francescacoppola.it\/fr\/contacts\/#breadcrumb\",\"itemListElement\":[{\"@type\":\"ListItem\",\"position\":1,\"name\":\"Home\",\"item\":\"https:\/\/francescacoppola.it\/fr\/home\/\"},{\"@type\":\"ListItem\",\"position\":2,\"name\":\"Contacts\"}]},{\"@type\":\"WebSite\",\"@id\":\"https:\/\/francescacoppola.it\/#website\",\"url\":\"https:\/\/francescacoppola.it\/\",\"name\":\"Francesca Coppola Wedding Planner\",\"description\":\"Wedding &amp; Event Planner Sanremo\",\"publisher\":{\"@id\":\"https:\/\/francescacoppola.it\/#organization\"},\"potentialAction\":[{\"@type\":\"SearchAction\",\"target\":{\"@type\":\"EntryPoint\",\"urlTemplate\":\"https:\/\/francescacoppola.it\/?s={search_term_string}\"},\"query-input\":{\"@type\":\"PropertyValueSpecification\",\"valueRequired\":true,\"valueName\":\"search_term_string\"}}],\"inLanguage\":\"fr-FR\"},{\"@type\":\"Organization\",\"@id\":\"https:\/\/francescacoppola.it\/#organization\",\"name\":\"Francesca Coppola Wedding Planner\",\"url\":\"https:\/\/francescacoppola.it\/\",\"logo\":{\"@type\":\"ImageObject\",\"inLanguage\":\"fr-FR\",\"@id\":\"https:\/\/francescacoppola.it\/#\/schema\/logo\/image\/\",\"url\":\"http:\/\/francescacoppola.it\/wp-content\/uploads\/2022\/02\/francescacoppola-logo.png\",\"contentUrl\":\"http:\/\/francescacoppola.it\/wp-content\/uploads\/2022\/02\/francescacoppola-logo.png\",\"width\":651,\"height\":301,\"caption\":\"Francesca Coppola Wedding Planner\"},\"image\":{\"@id\":\"https:\/\/francescacoppola.it\/#\/schema\/logo\/image\/\"},\"sameAs\":[\"https:\/\/www.facebook.com\/fc.weddingplanner\"]}]}<\/script>\n<!-- \/ Yoast SEO plugin. -->","yoast_head_json":{"title":"Contacts - Francesca Coppola","robots":{"index":"index","follow":"follow","max-snippet":"max-snippet:-1","max-image-preview":"max-image-preview:large","max-video-preview":"max-video-preview:-1"},"canonical":"https:\/\/francescacoppola.it\/fr\/contacts\/","og_locale":"fr_FR","og_type":"article","og_title":"Contacts - Francesca Coppola","og_description":"CONTACTEZ-MOISi vous avez des questions, \u00e9crivez-moi. Si je ne r\u00e9ponds pas imm\u00e9diatement, je suis peut-\u00eatre en plein milieu d'un mariage ou d'un \u00e9v\u00e9nement important.Mais je r\u00e9pondrai d\u00e8s que possible, je vous le promets\u00a0!+39 380 374 3727 info@francescacoppola.it","og_url":"https:\/\/francescacoppola.it\/fr\/contacts\/","og_site_name":"Francesca Coppola","article_publisher":"https:\/\/www.facebook.com\/fc.weddingplanner","article_modified_time":"2023-01-27T15:54:46+00:00","twitter_card":"summary_large_image","twitter_misc":{"Dur\u00e9e de lecture estim\u00e9e":"1 minute"},"schema":{"@context":"https:\/\/schema.org","@graph":[{"@type":"WebPage","@id":"https:\/\/francescacoppola.it\/fr\/contacts\/","url":"https:\/\/francescacoppola.it\/fr\/contacts\/","name":"Contacts - Francesca Coppola","isPartOf":{"@id":"https:\/\/francescacoppola.it\/#website"},"datePublished":"2022-02-02T16:07:48+00:00","dateModified":"2023-01-27T15:54:46+00:00","breadcrumb":{"@id":"https:\/\/francescacoppola.it\/fr\/contacts\/#breadcrumb"},"inLanguage":"fr-FR","potentialAction":[{"@type":"ReadAction","target":["https:\/\/francescacoppola.it\/fr\/contacts\/"]}]},{"@type":"BreadcrumbList","@id":"https:\/\/francescacoppola.it\/fr\/contacts\/#breadcrumb","itemListElement":[{"@type":"ListItem","position":1,"name":"Home","item":"https:\/\/francescacoppola.it\/fr\/home\/"},{"@type":"ListItem","position":2,"name":"Contacts"}]},{"@type":"WebSite","@id":"https:\/\/francescacoppola.it\/#website","url":"https:\/\/francescacoppola.it\/","name":"Francesca Coppola Wedding Planner","description":"Wedding &amp; Event Planner Sanremo","publisher":{"@id":"https:\/\/francescacoppola.it\/#organization"},"potentialAction":[{"@type":"SearchAction","target":{"@type":"EntryPoint","urlTemplate":"https:\/\/francescacoppola.it\/?s={search_term_string}"},"query-input":{"@type":"PropertyValueSpecification","valueRequired":true,"valueName":"search_term_string"}}],"inLanguage":"fr-FR"},{"@type":"Organization","@id":"https:\/\/francescacoppola.it\/#organization","name":"Francesca Coppola Wedding Planner","url":"https:\/\/francescacoppola.it\/","logo":{"@type":"ImageObject","inLanguage":"fr-FR","@id":"https:\/\/francescacoppola.it\/#\/schema\/logo\/image\/","url":"http:\/\/francescacoppola.it\/wp-content\/uploads\/2022\/02\/francescacoppola-logo.png","contentUrl":"http:\/\/francescacoppola.it\/wp-content\/uploads\/2022\/02\/francescacoppola-logo.png","width":651,"height":301,"caption":"Francesca Coppola Wedding Planner"},"image":{"@id":"https:\/\/francescacoppola.it\/#\/schema\/logo\/image\/"},"sameAs":["https:\/\/www.facebook.com\/fc.weddingplanner"]}]}},"_links":{"self":[{"href":"https:\/\/francescacoppola.it\/fr\/wp-json\/wp\/v2\/pages\/3663","targetHints":{"allow":["GET"]}}],"collection":[{"href":"https:\/\/francescacoppola.it\/fr\/wp-json\/wp\/v2\/pages"}],"about":[{"href":"https:\/\/francescacoppola.it\/fr\/wp-json\/wp\/v2\/types\/page"}],"author":[{"embeddable":true,"href":"https:\/\/francescacoppola.it\/fr\/wp-json\/wp\/v2\/users\/1"}],"replies":[{"embeddable":true,"href":"https:\/\/francescacoppola.it\/fr\/wp-json\/wp\/v2\/comments?post=3663"}],"version-history":[{"count":4,"href":"https:\/\/francescacoppola.it\/fr\/wp-json\/wp\/v2\/pages\/3663\/revisions"}],"predecessor-version":[{"id":3668,"href":"https:\/\/francescacoppola.it\/fr\/wp-json\/wp\/v2\/pages\/3663\/revisions\/3668"}],"wp:attachment":[{"href":"https:\/\/francescacoppola.it\/fr\/wp-json\/wp\/v2\/media?parent=3663"}],"curies":[{"name":"wp","href":"https:\/\/api.w.org\/{rel}","templated":true}]}}