{"id":3642,"date":"2022-02-02T16:07:13","date_gmt":"2022-02-02T16:07:13","guid":{"rendered":"http:\/\/francescacoppola.it\/biografia\/"},"modified":"2023-01-27T15:11:28","modified_gmt":"2023-01-27T15:11:28","slug":"biographie","status":"publish","type":"page","link":"https:\/\/francescacoppola.it\/fr\/biographie\/","title":{"rendered":"Biographie"},"content":{"rendered":"<p>[et_pb_section fb_built=\u00a0\u00bb1&Prime; custom_padding_last_edited=\u00a0\u00bbon|tablet\u00a0\u00bb admin_label=\u00a0\u00bbHero section\u00a0\u00bb _builder_version=\u00a0\u00bb4.14.7&Prime; _module_preset=\u00a0\u00bbdefault\u00a0\u00bb background_color=\u00a0\u00bbrgba(107,48,0,0.5)\u00a0\u00bb background_image=\u00a0\u00bbhttp:\/\/francescacoppola.it\/wp-content\/uploads\/2023\/01\/FrancescaCoppola_hero-image-bio.jpg\u00a0\u00bb background_position=\u00a0\u00bbtop_center\u00a0\u00bb background_blend=\u00a0\u00bbmultiply\u00a0\u00bb transform_translate_linked=\u00a0\u00bboff\u00a0\u00bb min_height=\u00a0\u00bb600px\u00a0\u00bb min_height_tablet=\u00a0\u00bb300px\u00a0\u00bb min_height_phone=\u00a0\u00bb200px\u00a0\u00bb min_height_last_edited=\u00a0\u00bbon|phone\u00a0\u00bb max_height=\u00a0\u00bb200px\u00a0\u00bb custom_padding=\u00a0\u00bb||80px||false|false\u00a0\u00bb custom_padding_tablet=\u00a0\u00bb0px||0px||false|false\u00a0\u00bb custom_padding_phone=\u00a0\u00bb0px||0px||false|false\u00a0\u00bb global_colors_info=\u00a0\u00bb{}\u00a0\u00bb][\/et_pb_section][et_pb_section fb_built=\u00a0\u00bb1&Prime; disabled_on=\u00a0\u00bbon|on|off\u00a0\u00bb admin_label=\u00a0\u00bbBiografia\u00a0\u00bb _builder_version=\u00a0\u00bb4.14.7&Prime; _module_preset=\u00a0\u00bbdefault\u00a0\u00bb custom_padding=\u00a0\u00bb120px||||false|false\u00a0\u00bb global_colors_info=\u00a0\u00bb{}\u00a0\u00bb][et_pb_row column_structure=\u00a0\u00bb1_2,1_2&Prime; make_equal=\u00a0\u00bbon\u00a0\u00bb _builder_version=\u00a0\u00bb4.14.7&Prime; _module_preset=\u00a0\u00bbdefault\u00a0\u00bb custom_padding=\u00a0\u00bb|0px||||\u00a0\u00bb global_colors_info=\u00a0\u00bb{}\u00a0\u00bb][et_pb_column type=\u00a0\u00bb1_2&Prime; _builder_version=\u00a0\u00bb4.14.7&Prime; _module_preset=\u00a0\u00bbdefault\u00a0\u00bb background_color=\u00a0\u00bb#FFFFFF\u00a0\u00bb transform_translate=\u00a0\u00bb20%|0px\u00a0\u00bb transform_translate_linked=\u00a0\u00bboff\u00a0\u00bb z_index=\u00a0\u00bb5&Prime; custom_padding=\u00a0\u00bb80px|80px|80px|80px|false|false\u00a0\u00bb custom_css_main_element=\u00a0\u00bbalign-self: center;||vertical-align: middle;\u00a0\u00bb global_colors_info=\u00a0\u00bb{}\u00a0\u00bb][et_pb_text _builder_version=\u00a0\u00bb4.14.7&Prime; _module_preset=\u00a0\u00bbdefault\u00a0\u00bb transform_translate=\u00a0\u00bb-20px|0px\u00a0\u00bb transform_translate_linked=\u00a0\u00bboff\u00a0\u00bb custom_padding=\u00a0\u00bb0px||0px|20px|false|false\u00a0\u00bb hover_enabled=\u00a0\u00bb0&Prime; border_color_all=\u00a0\u00bb#deb48c\u00a0\u00bb border_width_left=\u00a0\u00bb2px\u00a0\u00bb global_colors_info=\u00a0\u00bb{}\u00a0\u00bb sticky_enabled=\u00a0\u00bb0&Prime;]<\/p>\n<h1>Francesca Coppola<\/h1>\n<h3>ORGANISATRICE DE MARIAGE ET D&rsquo;\u00c9V\u00c9NEMENTS<\/h3>\n<p>[\/et_pb_text][et_pb_text _builder_version=\u00a0\u00bb4.14.7&Prime; _module_preset=\u00a0\u00bbdefault\u00a0\u00bb text_font_size=\u00a0\u00bb20px\u00a0\u00bb hover_enabled=\u00a0\u00bb0&Prime; global_colors_info=\u00a0\u00bb{}\u00a0\u00bb sticky_enabled=\u00a0\u00bb0&Prime;]<\/p>\n<p>Mon amour pour l&rsquo;\u00e9l\u00e9gance, pour le luxe, pour le raffinement, ma passion pour la mode, pour l&rsquo;art, pour les tissus, les fleurs, les parfums&#8230; Tout ce qui est beau et qui rend beau, m&rsquo;a toujours fascin\u00e9 et passionn\u00e9. C&rsquo;est pr\u00e9cis\u00e9ment la raison pour laquelle j&rsquo;ai choisi d&rsquo;\u00eatre <strong>organisatrice de mariages et d&rsquo;\u00e9v\u00e9nements<\/strong>\u00a0: pour faire de mes passions et de mes r\u00eaves une r\u00e9alit\u00e9 et une profession.<\/p>\n<p>[\/et_pb_text][\/et_pb_column][et_pb_column type=\u00a0\u00bb1_2&Prime; _builder_version=\u00a0\u00bb4.14.7&Prime; _module_preset=\u00a0\u00bbdefault\u00a0\u00bb background_image=\u00a0\u00bbhttp:\/\/francescacoppola.it\/wp-content\/uploads\/2023\/01\/FrancescaCoppola_wedding-planner-1.jpg\u00a0\u00bb custom_padding=\u00a0\u00bb800px||||false|false\u00a0\u00bb global_colors_info=\u00a0\u00bb{}\u00a0\u00bb][\/et_pb_column][\/et_pb_row][\/et_pb_section][et_pb_section fb_built=\u00a0\u00bb1&Prime; custom_padding_last_edited=\u00a0\u00bbon|phone\u00a0\u00bb disabled_on=\u00a0\u00bboff|off|on\u00a0\u00bb admin_label=\u00a0\u00bbMobile &#8211; Biografia\u00a0\u00bb _builder_version=\u00a0\u00bb4.14.7&Prime; _module_preset=\u00a0\u00bbdefault\u00a0\u00bb custom_padding=\u00a0\u00bb80px||30px||false|false\u00a0\u00bb custom_padding_tablet=\u00a0\u00bb||50px||false|false\u00a0\u00bb custom_padding_phone=\u00a0\u00bb30px||20px||false|false\u00a0\u00bb global_colors_info=\u00a0\u00bb{}\u00a0\u00bb][et_pb_row column_structure=\u00a0\u00bb1_2,1_2&Prime; make_equal=\u00a0\u00bbon\u00a0\u00bb _builder_version=\u00a0\u00bb4.14.7&Prime; _module_preset=\u00a0\u00bbdefault\u00a0\u00bb custom_padding=\u00a0\u00bb|0px||||\u00a0\u00bb global_colors_info=\u00a0\u00bb{}\u00a0\u00bb][et_pb_column type=\u00a0\u00bb1_2&Prime; _builder_version=\u00a0\u00bb4.14.7&Prime; _module_preset=\u00a0\u00bbdefault\u00a0\u00bb custom_padding=\u00a0\u00bb||||false|false\u00a0\u00bb global_colors_info=\u00a0\u00bb{}\u00a0\u00bb][et_pb_image src=\u00a0\u00bbhttp:\/\/francescacoppola.it\/wp-content\/uploads\/2023\/01\/FrancescaCoppola_wedding-planner-1.jpg\u00a0\u00bb title_text=\u00a0\u00bbFrancescaCoppola_wedding-planner-1&Prime; align=\u00a0\u00bbcenter\u00a0\u00bb _builder_version=\u00a0\u00bb4.14.7&Prime; _module_preset=\u00a0\u00bbdefault\u00a0\u00bb z_index=\u00a0\u00bb15&Prime; width=\u00a0\u00bb800px\u00a0\u00bb max_width=\u00a0\u00bb100%\u00a0\u00bb module_alignment=\u00a0\u00bbcenter\u00a0\u00bb global_colors_info=\u00a0\u00bb{}\u00a0\u00bb][\/et_pb_image][\/et_pb_column][et_pb_column type=\u00a0\u00bb1_2&Prime; _builder_version=\u00a0\u00bb4.14.7&Prime; _module_preset=\u00a0\u00bbdefault\u00a0\u00bb background_color=\u00a0\u00bb#FFFFFF\u00a0\u00bb transform_translate_linked=\u00a0\u00bboff\u00a0\u00bb z_index=\u00a0\u00bb5&Prime; custom_padding=\u00a0\u00bb20px|0px|0px|20px|false|false\u00a0\u00bb custom_css_main_element=\u00a0\u00bbalign-self: center;||vertical-align: middle;\u00a0\u00bb global_colors_info=\u00a0\u00bb{}\u00a0\u00bb][et_pb_text _builder_version=\u00a0\u00bb4.14.7&Prime; _module_preset=\u00a0\u00bbdefault\u00a0\u00bb transform_translate=\u00a0\u00bb-20px|0px\u00a0\u00bb transform_translate_linked=\u00a0\u00bboff\u00a0\u00bb custom_margin=\u00a0\u00bb0px||10px||false|false\u00a0\u00bb custom_padding=\u00a0\u00bb0px||0px|20px|false|false\u00a0\u00bb custom_padding_tablet=\u00a0\u00bb0px||0px|20px|false|false\u00a0\u00bb custom_padding_phone=\u00a0\u00bb0px||0px|20px|false|false\u00a0\u00bb custom_padding_last_edited=\u00a0\u00bbon|phone\u00a0\u00bb hover_enabled=\u00a0\u00bb0&Prime; border_color_all=\u00a0\u00bb#deb48c\u00a0\u00bb border_width_left=\u00a0\u00bb2px\u00a0\u00bb global_colors_info=\u00a0\u00bb{}\u00a0\u00bb sticky_enabled=\u00a0\u00bb0&Prime;]<\/p>\n<h2>Francesca Coppola<\/h2>\n<h3>ORGANISATRICE DE MARIAGE ET D&rsquo;\u00c9V\u00c9NEMENTS<\/h3>\n<p>[\/et_pb_text][et_pb_text _builder_version=\u00a0\u00bb4.14.7&Prime; _module_preset=\u00a0\u00bbdefault\u00a0\u00bb text_font_size=\u00a0\u00bb20px\u00a0\u00bb hover_enabled=\u00a0\u00bb0&Prime; global_colors_info=\u00a0\u00bb{}\u00a0\u00bb sticky_enabled=\u00a0\u00bb0&Prime;]<\/p>\n<p>Mon amour pour l&rsquo;\u00e9l\u00e9gance, pour le luxe, pour le raffinement, ma passion pour la mode, pour l&rsquo;art, pour les tissus, les fleurs, les parfums&#8230; Tout ce qui est beau et qui rend beau, m&rsquo;a toujours fascin\u00e9 et passionn\u00e9. C&rsquo;est pr\u00e9cis\u00e9ment la raison pour laquelle j&rsquo;ai choisi d&rsquo;\u00eatre <strong>organisatrice de mariages et d&rsquo;\u00e9v\u00e9nements<\/strong>\u00a0: pour faire de mes passions et de mes r\u00eaves une r\u00e9alit\u00e9 et une profession.<\/p>\n<p>[\/et_pb_text][\/et_pb_column][\/et_pb_row][\/et_pb_section][et_pb_section fb_built=\u00a0\u00bb1&Prime; fullwidth=\u00a0\u00bbon\u00a0\u00bb disabled_on=\u00a0\u00bbon|on|off\u00a0\u00bb admin_label=\u00a0\u00bbimagine fullwidth\u00a0\u00bb _builder_version=\u00a0\u00bb4.14.7&Prime; _module_preset=\u00a0\u00bbdefault\u00a0\u00bb background_image=\u00a0\u00bbhttp:\/\/francescacoppola.it\/wp-content\/uploads\/2022\/02\/francesca-coppola-line-background-.png\u00a0\u00bb background_size=\u00a0\u00bbinitial\u00a0\u00bb global_colors_info=\u00a0\u00bb{}\u00a0\u00bb][et_pb_fullwidth_image src=\u00a0\u00bbhttp:\/\/francescacoppola.it\/wp-content\/uploads\/2023\/01\/FrancescaCoppola_wedding-planner-2.jpg\u00a0\u00bb title_text=\u00a0\u00bbFrancescaCoppola_wedding-planner-2&Prime; _builder_version=\u00a0\u00bb4.14.7&Prime; _module_preset=\u00a0\u00bbdefault\u00a0\u00bb z_index=\u00a0\u00bb0&Prime; max_width=\u00a0\u00bb1240px\u00a0\u00bb module_alignment=\u00a0\u00bbcenter\u00a0\u00bb border_width_all=\u00a0\u00bb20px\u00a0\u00bb border_color_all=\u00a0\u00bb#FFFFFF\u00a0\u00bb global_colors_info=\u00a0\u00bb{}\u00a0\u00bb][\/et_pb_fullwidth_image][\/et_pb_section][et_pb_section fb_built=\u00a0\u00bb1&Prime; fullwidth=\u00a0\u00bbon\u00a0\u00bb disabled_on=\u00a0\u00bboff|off|on\u00a0\u00bb admin_label=\u00a0\u00bbMobile &#8211; imagine fullwidth\u00a0\u00bb _builder_version=\u00a0\u00bb4.14.7&Prime; _module_preset=\u00a0\u00bbdefault\u00a0\u00bb background_enable_image=\u00a0\u00bboff\u00a0\u00bb background_size=\u00a0\u00bbinitial\u00a0\u00bb global_colors_info=\u00a0\u00bb{}\u00a0\u00bb][et_pb_fullwidth_image src=\u00a0\u00bbhttp:\/\/francescacoppola.it\/wp-content\/uploads\/2023\/01\/FrancescaCoppola_wedding-planner-2.jpg\u00a0\u00bb title_text=\u00a0\u00bbFrancescaCoppola_wedding-planner-2&Prime; _builder_version=\u00a0\u00bb4.14.7&Prime; _module_preset=\u00a0\u00bbdefault\u00a0\u00bb z_index=\u00a0\u00bb0&Prime; max_width=\u00a0\u00bb1240px\u00a0\u00bb module_alignment=\u00a0\u00bbcenter\u00a0\u00bb border_width_all=\u00a0\u00bb0px\u00a0\u00bb border_color_all=\u00a0\u00bb#FFFFFF\u00a0\u00bb global_colors_info=\u00a0\u00bb{}\u00a0\u00bb][\/et_pb_fullwidth_image][\/et_pb_section][et_pb_section fb_built=\u00a0\u00bb1&Prime; disabled_on=\u00a0\u00bbon|on|off\u00a0\u00bb admin_label=\u00a0\u00bbEventi\u00a0\u00bb _builder_version=\u00a0\u00bb4.14.7&Prime; _module_preset=\u00a0\u00bbdefault\u00a0\u00bb custom_padding=\u00a0\u00bb||120px||false|false\u00a0\u00bb global_colors_info=\u00a0\u00bb{}\u00a0\u00bb][et_pb_row column_structure=\u00a0\u00bb1_2,1_2&Prime; make_equal=\u00a0\u00bbon\u00a0\u00bb disabled_on=\u00a0\u00bbon|on|off\u00a0\u00bb _builder_version=\u00a0\u00bb4.14.7&Prime; _module_preset=\u00a0\u00bbdefault\u00a0\u00bb global_colors_info=\u00a0\u00bb{}\u00a0\u00bb][et_pb_column type=\u00a0\u00bb1_2&Prime; _builder_version=\u00a0\u00bb4.14.7&Prime; _module_preset=\u00a0\u00bbdefault\u00a0\u00bb background_image=\u00a0\u00bbhttp:\/\/francescacoppola.it\/wp-content\/uploads\/2023\/01\/FrancescaCoppola_wedding-planner-3.jpg\u00a0\u00bb custom_padding=\u00a0\u00bb800px||||false|false\u00a0\u00bb global_colors_info=\u00a0\u00bb{}\u00a0\u00bb][\/et_pb_column][et_pb_column type=\u00a0\u00bb1_2&Prime; _builder_version=\u00a0\u00bb4.14.7&Prime; _module_preset=\u00a0\u00bbdefault\u00a0\u00bb background_color=\u00a0\u00bb#FFFFFF\u00a0\u00bb transform_translate=\u00a0\u00bb-20%|0px\u00a0\u00bb transform_translate_linked=\u00a0\u00bboff\u00a0\u00bb z_index=\u00a0\u00bb5&Prime; custom_padding=\u00a0\u00bb80px|80px|80px|80px|false|false\u00a0\u00bb custom_css_main_element=\u00a0\u00bbalign-self: center;||vertical-align: middle;\u00a0\u00bb global_colors_info=\u00a0\u00bb{}\u00a0\u00bb][et_pb_text _builder_version=\u00a0\u00bb4.14.7&Prime; _module_preset=\u00a0\u00bbdefault\u00a0\u00bb text_font_size=\u00a0\u00bb20px\u00a0\u00bb hover_enabled=\u00a0\u00bb0&Prime; global_colors_info=\u00a0\u00bb{}\u00a0\u00bb sticky_enabled=\u00a0\u00bb0&Prime;]<\/p>\n<p>Lors de l&rsquo;organisation d&rsquo;un mariage, d&rsquo;un \u00e9v\u00e9nement, d&rsquo;une f\u00eate d&rsquo;anniversaire, il y a tellement de choses dont il faut s&rsquo;occuper pour que tout soit <strong>parfait<\/strong> et <strong>impeccable<\/strong>. Lieu, th\u00e8me, invitations, nourriture et boissons, fleurs, mise en place&#8230; Et souvent, tout cela enl\u00e8ve aux protagonistes une part de magie de l&rsquo;\u00e9v\u00e9nement. Ma t\u00e2che est pr\u00e9cis\u00e9ment celle-ci\u00a0: vous \u00e9couter, \u00e9tudier ensemble chaque d\u00e9tail, chaque aspect de votre \u00e9v\u00e8nement pour donner forme \u00e0 votre r\u00eave. Il y a un moment dans chaque \u00e9v\u00e9nement dont vous <strong>vous souviendrez toujours<\/strong>. Le moment o\u00f9 tout est sur le point de commencer. Je serai l\u00e0 pour vous faire savourer chaque instant de ce moment et le rendre ind\u00e9l\u00e9bile dans vos souvenirs.<\/p>\n<p>[\/et_pb_text][\/et_pb_column][\/et_pb_row][\/et_pb_section][et_pb_section fb_built=\u00a0\u00bb1&Prime; custom_padding_last_edited=\u00a0\u00bbon|tablet\u00a0\u00bb disabled_on=\u00a0\u00bboff|off|on\u00a0\u00bb admin_label=\u00a0\u00bbEventi &#8211; Mobile\u00a0\u00bb _builder_version=\u00a0\u00bb4.14.7&Prime; _module_preset=\u00a0\u00bbdefault\u00a0\u00bb custom_padding=\u00a0\u00bb80px||||false|false\u00a0\u00bb custom_padding_tablet=\u00a0\u00bb50px||80px||false|false\u00a0\u00bb custom_padding_phone=\u00a0\u00bb20px||30px||false|false\u00a0\u00bb global_colors_info=\u00a0\u00bb{}\u00a0\u00bb][et_pb_row column_structure=\u00a0\u00bb1_2,1_2&Prime; make_equal=\u00a0\u00bbon\u00a0\u00bb _builder_version=\u00a0\u00bb4.14.7&Prime; _module_preset=\u00a0\u00bbdefault\u00a0\u00bb custom_padding=\u00a0\u00bb|0px||||\u00a0\u00bb global_colors_info=\u00a0\u00bb{}\u00a0\u00bb][et_pb_column type=\u00a0\u00bb1_2&Prime; _builder_version=\u00a0\u00bb4.14.7&Prime; _module_preset=\u00a0\u00bbdefault\u00a0\u00bb custom_padding=\u00a0\u00bb||||false|false\u00a0\u00bb global_colors_info=\u00a0\u00bb{}\u00a0\u00bb][et_pb_text _builder_version=\u00a0\u00bb4.14.7&Prime; _module_preset=\u00a0\u00bbdefault\u00a0\u00bb text_font_size=\u00a0\u00bb20px\u00a0\u00bb hover_enabled=\u00a0\u00bb0&Prime; global_colors_info=\u00a0\u00bb{}\u00a0\u00bb sticky_enabled=\u00a0\u00bb0&Prime;]<\/p>\n<div class=\"et-fb-mousetrap et-fb-mousetrap--column\"><\/div>\n<div class=\"et_fb_editing_enabled et-module-54ffa2b3-4b4d-44b4-8f11-f88b0eb17c82 et_pb_text et_pb_module ui-sortable et_pb_text_8 et-animated--vb et_pb_text_align_left et_pb_bg_layout_light et-first-child et-last-child\" data-address=\"6.0.1.0\" dynamic=\"[object Object]\" matching=\"[object Object]\" parent_slug=\"et_pb_column\" theme_builder_suffix=\"\" wrapper_settings=\"[object Object]\" _key=\"54ffa2b3-4b4d-44b4-8f11-f88b0eb17c82\">\n<div class=\"et_pb_text_inner\">\n<div data-shortcode-id=\"6.0.1.0-1643901753112\" data-quickaccess-editable=\"yes\" class=\"et-fb-popover-tinymce\">\n<div class=\"mce-content-body\" contenteditable=\"true\" style=\"position: relative;\">\n<p>Lors de l&rsquo;organisation d&rsquo;un mariage, d&rsquo;un \u00e9v\u00e9nement, d&rsquo;une f\u00eate d&rsquo;anniversaire, il y a tellement de choses dont il faut s&rsquo;occuper pour que tout soit <strong>parfait<\/strong> et <strong>impeccable<\/strong>. Lieu, th\u00e8me, invitations, nourriture et boissons, fleurs, mise en place&#8230; Et souvent, tout cela enl\u00e8ve aux protagonistes une part de magie de l&rsquo;\u00e9v\u00e9nement. Ma t\u00e2che est pr\u00e9cis\u00e9ment celle-ci\u00a0: vous \u00e9couter, \u00e9tudier ensemble chaque d\u00e9tail, chaque aspect de votre \u00e9v\u00e8nement pour donner forme \u00e0 votre r\u00eave. Il y a un moment dans chaque \u00e9v\u00e9nement dont vous <strong>vous souviendrez toujours<\/strong>. Le moment o\u00f9 tout est sur le point de commencer. Je serai l\u00e0 pour vous faire savourer chaque instant de ce moment et le rendre ind\u00e9l\u00e9bile dans vos souvenirs.<\/p>\n<\/div>\n<\/div>\n<\/div>\n<\/div>\n<p>[\/et_pb_text][\/et_pb_column][et_pb_column type=\u00a0\u00bb1_2&Prime; _builder_version=\u00a0\u00bb4.14.7&Prime; _module_preset=\u00a0\u00bbdefault\u00a0\u00bb background_color=\u00a0\u00bb#FFFFFF\u00a0\u00bb transform_translate_linked=\u00a0\u00bboff\u00a0\u00bb z_index=\u00a0\u00bb5&Prime; custom_padding=\u00a0\u00bb||||false|false\u00a0\u00bb custom_css_main_element=\u00a0\u00bbalign-self: center;||vertical-align: middle;\u00a0\u00bb global_colors_info=\u00a0\u00bb{}\u00a0\u00bb][et_pb_image src=\u00a0\u00bbhttp:\/\/francescacoppola.it\/wp-content\/uploads\/2023\/01\/FrancescaCoppola_wedding-planner-3.jpg\u00a0\u00bb title_text=\u00a0\u00bbFrancescaCoppola_wedding-planner-3&Prime; align=\u00a0\u00bbcenter\u00a0\u00bb _builder_version=\u00a0\u00bb4.14.7&Prime; _module_preset=\u00a0\u00bbdefault\u00a0\u00bb width=\u00a0\u00bb800px\u00a0\u00bb max_width=\u00a0\u00bb100%\u00a0\u00bb module_alignment=\u00a0\u00bbcenter\u00a0\u00bb custom_margin=\u00a0\u00bb||||false|false\u00a0\u00bb custom_padding=\u00a0\u00bb||||true|false\u00a0\u00bb global_colors_info=\u00a0\u00bb{}\u00a0\u00bb][\/et_pb_image][\/et_pb_column][\/et_pb_row][\/et_pb_section]<\/p>\n","protected":false},"excerpt":{"rendered":"<p>Francesca Coppola ORGANISATRICE DE MARIAGE ET D&rsquo;\u00c9V\u00c9NEMENTSMon amour pour l&rsquo;\u00e9l\u00e9gance, pour le luxe, pour le raffinement, ma passion pour la mode, pour l&rsquo;art, pour les tissus, les fleurs, les parfums&#8230; Tout ce qui est beau et qui rend beau, m&rsquo;a toujours fascin\u00e9 et passionn\u00e9. C&rsquo;est pr\u00e9cis\u00e9ment la raison pour laquelle j&rsquo;ai choisi d&rsquo;\u00eatre organisatrice de [&hellip;]<\/p>\n","protected":false},"author":1,"featured_media":0,"parent":0,"menu_order":0,"comment_status":"closed","ping_status":"closed","template":"","meta":{"_et_pb_use_builder":"on","_et_pb_old_content":"","_et_gb_content_width":"","_vp_format_video_url":"","_vp_image_focal_point":[],"footnotes":""},"class_list":["post-3642","page","type-page","status-publish","hentry"],"yoast_head":"<!-- This site is optimized with the Yoast SEO plugin v24.3 - https:\/\/yoast.com\/wordpress\/plugins\/seo\/ -->\n<title>Biographie - Francesca Coppola<\/title>\n<meta name=\"robots\" content=\"index, follow, max-snippet:-1, max-image-preview:large, max-video-preview:-1\" \/>\n<link rel=\"canonical\" href=\"https:\/\/francescacoppola.it\/fr\/biographie\/\" \/>\n<meta property=\"og:locale\" content=\"fr_FR\" \/>\n<meta property=\"og:type\" content=\"article\" \/>\n<meta property=\"og:title\" content=\"Biographie - Francesca Coppola\" \/>\n<meta property=\"og:description\" content=\"Francesca Coppola ORGANISATRICE DE MARIAGE ET D&#039;\u00c9V\u00c9NEMENTSMon amour pour l&#039;\u00e9l\u00e9gance, pour le luxe, pour le raffinement, ma passion pour la mode, pour l&#039;art, pour les tissus, les fleurs, les parfums... Tout ce qui est beau et qui rend beau, m&#039;a toujours fascin\u00e9 et passionn\u00e9. C&#039;est pr\u00e9cis\u00e9ment la raison pour laquelle j&#039;ai choisi d&#039;\u00eatre organisatrice de [&hellip;]\" \/>\n<meta property=\"og:url\" content=\"https:\/\/francescacoppola.it\/fr\/biographie\/\" \/>\n<meta property=\"og:site_name\" content=\"Francesca Coppola\" \/>\n<meta property=\"article:publisher\" content=\"https:\/\/www.facebook.com\/fc.weddingplanner\" \/>\n<meta property=\"article:modified_time\" content=\"2023-01-27T15:11:28+00:00\" \/>\n<meta name=\"twitter:card\" content=\"summary_large_image\" \/>\n<meta name=\"twitter:label1\" content=\"Dur\u00e9e de lecture estim\u00e9e\" \/>\n\t<meta name=\"twitter:data1\" content=\"4 minutes\" \/>\n<script type=\"application\/ld+json\" class=\"yoast-schema-graph\">{\"@context\":\"https:\/\/schema.org\",\"@graph\":[{\"@type\":\"WebPage\",\"@id\":\"https:\/\/francescacoppola.it\/fr\/biographie\/\",\"url\":\"https:\/\/francescacoppola.it\/fr\/biographie\/\",\"name\":\"Biographie - Francesca Coppola\",\"isPartOf\":{\"@id\":\"https:\/\/francescacoppola.it\/#website\"},\"datePublished\":\"2022-02-02T16:07:13+00:00\",\"dateModified\":\"2023-01-27T15:11:28+00:00\",\"breadcrumb\":{\"@id\":\"https:\/\/francescacoppola.it\/fr\/biographie\/#breadcrumb\"},\"inLanguage\":\"fr-FR\",\"potentialAction\":[{\"@type\":\"ReadAction\",\"target\":[\"https:\/\/francescacoppola.it\/fr\/biographie\/\"]}]},{\"@type\":\"BreadcrumbList\",\"@id\":\"https:\/\/francescacoppola.it\/fr\/biographie\/#breadcrumb\",\"itemListElement\":[{\"@type\":\"ListItem\",\"position\":1,\"name\":\"Home\",\"item\":\"https:\/\/francescacoppola.it\/fr\/home\/\"},{\"@type\":\"ListItem\",\"position\":2,\"name\":\"Biographie\"}]},{\"@type\":\"WebSite\",\"@id\":\"https:\/\/francescacoppola.it\/#website\",\"url\":\"https:\/\/francescacoppola.it\/\",\"name\":\"Francesca Coppola Wedding Planner\",\"description\":\"Wedding &amp; Event Planner Sanremo\",\"publisher\":{\"@id\":\"https:\/\/francescacoppola.it\/#organization\"},\"potentialAction\":[{\"@type\":\"SearchAction\",\"target\":{\"@type\":\"EntryPoint\",\"urlTemplate\":\"https:\/\/francescacoppola.it\/?s={search_term_string}\"},\"query-input\":{\"@type\":\"PropertyValueSpecification\",\"valueRequired\":true,\"valueName\":\"search_term_string\"}}],\"inLanguage\":\"fr-FR\"},{\"@type\":\"Organization\",\"@id\":\"https:\/\/francescacoppola.it\/#organization\",\"name\":\"Francesca Coppola Wedding Planner\",\"url\":\"https:\/\/francescacoppola.it\/\",\"logo\":{\"@type\":\"ImageObject\",\"inLanguage\":\"fr-FR\",\"@id\":\"https:\/\/francescacoppola.it\/#\/schema\/logo\/image\/\",\"url\":\"http:\/\/francescacoppola.it\/wp-content\/uploads\/2022\/02\/francescacoppola-logo.png\",\"contentUrl\":\"http:\/\/francescacoppola.it\/wp-content\/uploads\/2022\/02\/francescacoppola-logo.png\",\"width\":651,\"height\":301,\"caption\":\"Francesca Coppola Wedding Planner\"},\"image\":{\"@id\":\"https:\/\/francescacoppola.it\/#\/schema\/logo\/image\/\"},\"sameAs\":[\"https:\/\/www.facebook.com\/fc.weddingplanner\"]}]}<\/script>\n<!-- \/ Yoast SEO plugin. -->","yoast_head_json":{"title":"Biographie - Francesca Coppola","robots":{"index":"index","follow":"follow","max-snippet":"max-snippet:-1","max-image-preview":"max-image-preview:large","max-video-preview":"max-video-preview:-1"},"canonical":"https:\/\/francescacoppola.it\/fr\/biographie\/","og_locale":"fr_FR","og_type":"article","og_title":"Biographie - Francesca Coppola","og_description":"Francesca Coppola ORGANISATRICE DE MARIAGE ET D'\u00c9V\u00c9NEMENTSMon amour pour l'\u00e9l\u00e9gance, pour le luxe, pour le raffinement, ma passion pour la mode, pour l'art, pour les tissus, les fleurs, les parfums... Tout ce qui est beau et qui rend beau, m'a toujours fascin\u00e9 et passionn\u00e9. C'est pr\u00e9cis\u00e9ment la raison pour laquelle j'ai choisi d'\u00eatre organisatrice de [&hellip;]","og_url":"https:\/\/francescacoppola.it\/fr\/biographie\/","og_site_name":"Francesca Coppola","article_publisher":"https:\/\/www.facebook.com\/fc.weddingplanner","article_modified_time":"2023-01-27T15:11:28+00:00","twitter_card":"summary_large_image","twitter_misc":{"Dur\u00e9e de lecture estim\u00e9e":"4 minutes"},"schema":{"@context":"https:\/\/schema.org","@graph":[{"@type":"WebPage","@id":"https:\/\/francescacoppola.it\/fr\/biographie\/","url":"https:\/\/francescacoppola.it\/fr\/biographie\/","name":"Biographie - Francesca Coppola","isPartOf":{"@id":"https:\/\/francescacoppola.it\/#website"},"datePublished":"2022-02-02T16:07:13+00:00","dateModified":"2023-01-27T15:11:28+00:00","breadcrumb":{"@id":"https:\/\/francescacoppola.it\/fr\/biographie\/#breadcrumb"},"inLanguage":"fr-FR","potentialAction":[{"@type":"ReadAction","target":["https:\/\/francescacoppola.it\/fr\/biographie\/"]}]},{"@type":"BreadcrumbList","@id":"https:\/\/francescacoppola.it\/fr\/biographie\/#breadcrumb","itemListElement":[{"@type":"ListItem","position":1,"name":"Home","item":"https:\/\/francescacoppola.it\/fr\/home\/"},{"@type":"ListItem","position":2,"name":"Biographie"}]},{"@type":"WebSite","@id":"https:\/\/francescacoppola.it\/#website","url":"https:\/\/francescacoppola.it\/","name":"Francesca Coppola Wedding Planner","description":"Wedding &amp; Event Planner Sanremo","publisher":{"@id":"https:\/\/francescacoppola.it\/#organization"},"potentialAction":[{"@type":"SearchAction","target":{"@type":"EntryPoint","urlTemplate":"https:\/\/francescacoppola.it\/?s={search_term_string}"},"query-input":{"@type":"PropertyValueSpecification","valueRequired":true,"valueName":"search_term_string"}}],"inLanguage":"fr-FR"},{"@type":"Organization","@id":"https:\/\/francescacoppola.it\/#organization","name":"Francesca Coppola Wedding Planner","url":"https:\/\/francescacoppola.it\/","logo":{"@type":"ImageObject","inLanguage":"fr-FR","@id":"https:\/\/francescacoppola.it\/#\/schema\/logo\/image\/","url":"http:\/\/francescacoppola.it\/wp-content\/uploads\/2022\/02\/francescacoppola-logo.png","contentUrl":"http:\/\/francescacoppola.it\/wp-content\/uploads\/2022\/02\/francescacoppola-logo.png","width":651,"height":301,"caption":"Francesca Coppola Wedding Planner"},"image":{"@id":"https:\/\/francescacoppola.it\/#\/schema\/logo\/image\/"},"sameAs":["https:\/\/www.facebook.com\/fc.weddingplanner"]}]}},"_links":{"self":[{"href":"https:\/\/francescacoppola.it\/fr\/wp-json\/wp\/v2\/pages\/3642","targetHints":{"allow":["GET"]}}],"collection":[{"href":"https:\/\/francescacoppola.it\/fr\/wp-json\/wp\/v2\/pages"}],"about":[{"href":"https:\/\/francescacoppola.it\/fr\/wp-json\/wp\/v2\/types\/page"}],"author":[{"embeddable":true,"href":"https:\/\/francescacoppola.it\/fr\/wp-json\/wp\/v2\/users\/1"}],"replies":[{"embeddable":true,"href":"https:\/\/francescacoppola.it\/fr\/wp-json\/wp\/v2\/comments?post=3642"}],"version-history":[{"count":3,"href":"https:\/\/francescacoppola.it\/fr\/wp-json\/wp\/v2\/pages\/3642\/revisions"}],"predecessor-version":[{"id":3645,"href":"https:\/\/francescacoppola.it\/fr\/wp-json\/wp\/v2\/pages\/3642\/revisions\/3645"}],"wp:attachment":[{"href":"https:\/\/francescacoppola.it\/fr\/wp-json\/wp\/v2\/media?parent=3642"}],"curies":[{"name":"wp","href":"https:\/\/api.w.org\/{rel}","templated":true}]}}